{"id":750,"date":"2015-06-27T21:56:28","date_gmt":"2015-06-27T21:56:28","guid":{"rendered":"http:\/\/www.ramostur.com.tr\/es\/?page_id=750"},"modified":"2016-04-29T00:36:06","modified_gmt":"2016-04-29T00:36:06","slug":"senderismo-en-capadocia","status":"publish","type":"page","link":"https:\/\/www.ramostur.com.tr\/es\/senderismo-en-capadocia\/","title":{"rendered":"Senderismo  en Capadocia"},"content":{"rendered":"<p>Senderismo\u00a0 en Capadocia con Sendero <strong>Sue\u00f1o de Gaudi<a href=\"http:\/\/www.ramostur.com.tr\/es\/senderismo-en-capadocia\/100_3638-2\/\"><img loading=\"lazy\" class=\"alignright wp-image-616 size-medium\" src=\"http:\/\/www.ramostur.com.tr\/es\/wp-content\/uploads\/2015\/06\/100_3638-300x225.jpg\" alt=\"100_3638\" width=\"300\" height=\"225\" srcset=\"https:\/\/www.ramostur.com.tr\/es\/wp-content\/uploads\/2015\/06\/100_3638-300x225.jpg 300w, https:\/\/www.ramostur.com.tr\/es\/wp-content\/uploads\/2015\/06\/100_3638-1024x768.jpg 1024w, https:\/\/www.ramostur.com.tr\/es\/wp-content\/uploads\/2015\/06\/100_3638-500x375.jpg 500w\" sizes=\"(max-width: 300px) 100vw, 300px\" \/><\/a><\/strong><\/p>\n<p><span style=\"color: #0000ff;\"><strong><u><span style=\"color: #800000;\">1\u00ba D\u00eda-\u2026..via Estanbul-KAYSER\u0130 O NEV\u015eEH\u0130R<\/span>\u00a0<\/u><\/strong><u>Alojamiento en Capadocia.(D)<\/u><\/span><\/p>\n<p><strong><u><span style=\"color: #800000;\">2\u00ba D\u00eda- Senderismo en Capadocia (Valle de Roja) chimeneas de hadas<\/span> <\/u><\/strong><\/p>\n<p>Despu\u00e9s\u00a0del\u00a0desayuno,\u00a0Marcha para a valle de fantas\u00eda (Devrent),donde la piedra erosionada por el viento forma picos,conos y obeliscos denominados chimeneas de hadas. El valle de los monjes (Pasabagi). El valle Kizilvadi (Rojo) es asombrosamente hermoso,especialmente durante la sol.En el vale esta\u2019 la Iglesia Uzumlu del siglo IX. (Paseo 5-6hrs. 1.100 m)<\/p>\n<p>Alojamiento el hotel (con Desayuno,Cena)<\/p>\n<p>&nbsp;<\/p>\n<p><span style=\"color: #0000ff;\"><span style=\"color: #800000;\"><strong><u>3\u00ba D\u00eda- <strong>Senderismo en Capadocia <\/strong>valle de soganli iglesias, monasterios Ke\u015flik<\/u><\/strong> <a href=\"http:\/\/www.ramostur.com.tr\/es\/senderismo-en-capadocia\/100_2884-2\/\"><img loading=\"lazy\" class=\"alignright wp-image-602 size-medium\" src=\"http:\/\/www.ramostur.com.tr\/es\/wp-content\/uploads\/2015\/06\/100_2884-300x225.jpg\" alt=\"100_2884\" width=\"300\" height=\"225\" srcset=\"https:\/\/www.ramostur.com.tr\/es\/wp-content\/uploads\/2015\/06\/100_2884-300x225.jpg 300w, https:\/\/www.ramostur.com.tr\/es\/wp-content\/uploads\/2015\/06\/100_2884-1024x768.jpg 1024w, https:\/\/www.ramostur.com.tr\/es\/wp-content\/uploads\/2015\/06\/100_2884-500x375.jpg 500w\" sizes=\"(max-width: 300px) 100vw, 300px\" \/><\/a><\/span>Despu\u00e9s\u00a0del\u00a0desayuno, temprano salida para visitar primero el monasterio de keslik y despues el valle de soganli con innumerables capillas, iglesias, monasterios, casas y tumbas,<\/span><\/p>\n<p>frescos de los siglos VI al XII que siguen el desarrollo de la pintura bizantina, palomares y vida cotidiana del pueblo t\u00edpico de Anatolia. (Paseo diario 6-7 hrs.) Regreso al mismo hotel Alojamiento (Con Desayuna Cena)..Posibilidad de salida en Globo (no incluido).<\/p>\n<p><span style=\"color: #0000ff;\"><span style=\"color: #800000;\"><strong><u>4\u00ba D\u00eda -Senderismo en Capadocia\u2013Ca\u00f1\u00f3n de Ihlara<\/u><\/strong>\u00a0<strong><u>Ciudades subterr\u00e1neas<\/u><\/strong><\/span><u><\/u><\/span><\/p>\n<p>Despu\u00e9s\u00a0del\u00a0desayuno. Transporte por\u00a0carretera\u00a01-hrs.y para la visita de<\/p>\n<p>pueblo troglodita de Selimiye los hititas, los romanos, los primeros cristianos lugares en los que viven. con capillas, iglesias, monasterios, casas y tumbas, que siguen el desarrollo\u00a0de la pintura bizantina, palomares y vida cotidiana del pueblo t\u00edpico de Anatolia ca\u00f1\u00f3n<a href=\"http:\/\/www.ramostur.com.tr\/es\/senderismo-en-capadocia\/100_2890-2\/\"><img loading=\"lazy\" class=\"alignright wp-image-603 size-medium\" src=\"http:\/\/www.ramostur.com.tr\/es\/wp-content\/uploads\/2015\/06\/100_2890-300x225.jpg\" alt=\"100_2890\" width=\"300\" height=\"225\" srcset=\"https:\/\/www.ramostur.com.tr\/es\/wp-content\/uploads\/2015\/06\/100_2890-300x225.jpg 300w, https:\/\/www.ramostur.com.tr\/es\/wp-content\/uploads\/2015\/06\/100_2890-1024x768.jpg 1024w, https:\/\/www.ramostur.com.tr\/es\/wp-content\/uploads\/2015\/06\/100_2890-500x375.jpg 500w\" sizes=\"(max-width: 300px) 100vw, 300px\" \/><\/a> de Ihlara constituido<\/p>\n<p>por interrupciones y desplomes sale con el resfriado que obtiene de las lavas que contiene substancias densas de basalto y andesite y desborda de la monta\u00f1a de Hasanda\u011f. En que parti\u00f3 \u00e1rea una manera del hallazgo de arroyo de Melendiz para fluir y dar la forma actual al ca\u00f1\u00f3n, ese arroyo se denomin\u00f3 en las edades tempranas Potamus Kapadukus que significa el r\u00edo de Capadocia. El valle miente 14 kil\u00f3metro<\/p>\n<p>largo. los comienzos de Ihlara, se acaban en Selime. El alcance de hight de valle a 100 \u2013 150 miden en algunos coloca. A trav\u00e9s del valle hay los refugios y despu\u00e9s por la tarde visita a Ciudades subterr\u00e1neas G\u00fczelyurt (Gelveri)<\/p>\n<p>antigua ciudad griega. Alojamiento un hotel casa historica troglodita.<\/p>\n<p><span style=\"color: #0000ff;\"><span style=\"color: #800000;\"><strong><u>5\u00ba D\u00eda <\/u><\/strong><strong><u>Estambul \u2013Capadocia<\/u><\/strong><\/span> Despu\u00e9s del desayuno Traslado al aeropuerto <a href=\"http:\/\/www.ramostur.com.tr\/es\/senderismo-en-capadocia\/100_2860-2\/\"><img loading=\"lazy\" class=\"alignright wp-image-599 size-medium\" src=\"http:\/\/www.ramostur.com.tr\/es\/wp-content\/uploads\/2015\/06\/100_2860-300x225.jpg\" alt=\"100_2860\" width=\"300\" height=\"225\" srcset=\"https:\/\/www.ramostur.com.tr\/es\/wp-content\/uploads\/2015\/06\/100_2860-300x225.jpg 300w, https:\/\/www.ramostur.com.tr\/es\/wp-content\/uploads\/2015\/06\/100_2860-1024x768.jpg 1024w, https:\/\/www.ramostur.com.tr\/es\/wp-content\/uploads\/2015\/06\/100_2860-500x375.jpg 500w\" sizes=\"(max-width: 300px) 100vw, 300px\" \/><\/a>de Kayseri (ASR) o Nevsehir (NAV). vuelo a Estambul Dia Libre. <\/span><\/p>\n<p><span style=\"color: #0000ff;\"><span style=\"color: #800000;\"><strong><u>6\u00ba D\u00eda <\/u><\/strong><strong><u>Estambul<\/u><\/strong> <strong><u>.<\/u><\/strong><\/span> Dia Libre.<\/span><\/p>\n<p><span style=\"color: #0000ff;\"><span style=\"color: #800000;\"><strong><u>7\u00ba D\u00eda <\/u><\/strong><strong><u>Estambul<\/u><\/strong><\/span> Traslado al aeropuerto de Estanbul Vuelo de regreso hacia Espa\u00f1a<\/span><\/p>\n<p><span style=\"color: #800000;\"><strong>Servicios incluidos: Hoteles<\/strong><\/span><\/p>\n<p><span style=\"color: #0000ff;\">En Capadocia con desayuno y cena<\/span><\/p>\n<p>&nbsp;<\/p>\n<p><span style=\"color: #0000ff;\"><span style=\"color: #800000;\"><strong>Trasporte\u00a0\u00a0\u00a0\u00a0<\/strong><strong>:<\/strong> <\/span>Todos los traslados de entrada y salida aeropuerto\/s<\/span><\/p>\n<p>hotel\/es y transporte privado Mercedes, A\/C, veh\u00edculos especiales Jeep Land Rover Defender \u2013 Discovery<\/p>\n<p><span style=\"color: #0000ff;\">Gu\u00eda, trekking de monta\u00f1a en Ingl\u00e9s, Italiano, Espa\u00f1ol,<a href=\"http:\/\/www.ramostur.com.tr\/es\/senderismo-en-capadocia\/100_2899-2\/\"><img loading=\"lazy\" class=\"alignright wp-image-605 size-medium\" src=\"http:\/\/www.ramostur.com.tr\/es\/wp-content\/uploads\/2015\/06\/100_2899-300x225.jpg\" alt=\"100_2899\" width=\"300\" height=\"225\" srcset=\"https:\/\/www.ramostur.com.tr\/es\/wp-content\/uploads\/2015\/06\/100_2899-300x225.jpg 300w, https:\/\/www.ramostur.com.tr\/es\/wp-content\/uploads\/2015\/06\/100_2899-1024x768.jpg 1024w, https:\/\/www.ramostur.com.tr\/es\/wp-content\/uploads\/2015\/06\/100_2899-500x375.jpg 500w\" sizes=\"(max-width: 300px) 100vw, 300px\" \/><\/a><\/span><\/p>\n<p><span style=\"color: #0000ff;\"><span style=\"color: #ff0000;\"><a style=\"color: #ff0000;\" href=\"http:\/\/www.ramostur.com.tr\/\"><strong>www.ramostur.com.tr<\/strong><\/a><\/span><strong><span style=\"color: #ff0000;\">\u00a0<\/span> \u00a0&amp;\u00a0 \u00a0<\/strong><a style=\"color: #0000ff;\" href=\"mailto:info@ramostur.com.tr\"><strong>info@ramostur..com.tr<\/strong><\/a><strong>\u00a0 \u00a0&amp; \u00a0\u00a0<\/strong><a style=\"color: #0000ff;\" href=\"mailto:trekking@ramostur.com.tr\"><strong>trekking@ramostur.com.tr<\/strong><\/a><\/span><\/p>\n<p><span style=\"color: #0000ff;\">\u201cCon Ramos una alternativa para sus vacaciones una forma de vida,\u00a0una pasion, una\u00a0aventura perfecta.\u201d<\/span><\/p>\n<p><span style=\"color: #0000ff;\">\u201cAmb Ramos una alternativa de vacances, una forma de vida, una passio, una aventura perfecta.\u201d<\/span><\/p>\n","protected":false},"excerpt":{"rendered":"<p>Senderismo\u00a0 en Capadocia con Sendero Sue\u00f1o de Gaudi 1\u00ba D\u00eda-\u2026..via Estanbul-KAYSER\u0130 O NEV\u015eEH\u0130R\u00a0Alojamiento en Capadocia.(D) 2\u00ba D\u00eda- Senderismo en Capadocia (Valle de Roja) chimeneas de hadas Despu\u00e9s\u00a0del\u00a0desayuno,\u00a0Marcha para a valle de fantas\u00eda (Devrent),donde la piedra erosionada por el viento forma picos,conos y obeliscos denominados chimeneas de hadas. El valle de los monjes (Pasabagi). El valle&hellip;<\/p>\n<p><a class=\"more-link\" href=\"https:\/\/www.ramostur.com.tr\/es\/senderismo-en-capadocia\/\">Read More<\/a><\/p>\n","protected":false},"author":2,"featured_media":0,"parent":0,"menu_order":3,"comment_status":"closed","ping_status":"closed","template":"page-templates\/full-width.php","meta":[],"_links":{"self":[{"href":"https:\/\/www.ramostur.com.tr\/es\/wp-json\/wp\/v2\/pages\/750"}],"collection":[{"href":"https:\/\/www.ramostur.com.tr\/es\/wp-json\/wp\/v2\/pages"}],"about":[{"href":"https:\/\/www.ramostur.com.tr\/es\/wp-json\/wp\/v2\/types\/page"}],"author":[{"embeddable":true,"href":"https:\/\/www.ramostur.com.tr\/es\/wp-json\/wp\/v2\/users\/2"}],"replies":[{"embeddable":true,"href":"https:\/\/www.ramostur.com.tr\/es\/wp-json\/wp\/v2\/comments?post=750"}],"version-history":[{"count":10,"href":"https:\/\/www.ramostur.com.tr\/es\/wp-json\/wp\/v2\/pages\/750\/revisions"}],"predecessor-version":[{"id":811,"href":"https:\/\/www.ramostur.com.tr\/es\/wp-json\/wp\/v2\/pages\/750\/revisions\/811"}],"wp:attachment":[{"href":"https:\/\/www.ramostur.com.tr\/es\/wp-json\/wp\/v2\/media?parent=750"}],"curies":[{"name":"wp","href":"https:\/\/api.w.org\/{rel}","templated":true}]}}