{"id":736,"date":"2015-06-25T00:11:30","date_gmt":"2015-06-25T00:11:30","guid":{"rendered":"http:\/\/www.ramostur.com.tr\/es\/?page_id=736"},"modified":"2016-04-29T00:42:22","modified_gmt":"2016-04-29T00:42:22","slug":"trekking","status":"publish","type":"page","link":"https:\/\/www.ramostur.com.tr\/es\/trekking\/","title":{"rendered":"Trekking Turqu\u00eda"},"content":{"rendered":"<p><strong><span style=\"color: #800000;\">Senderismo-Trekking ,Tras los pasos de St. Paul y Los Turcos N\u00f3madas. A lo largo de los caminos de las monta\u00f1as de Taurus y Capadocia. Naturaleza, Historia<br \/>\n<\/span><\/strong><strong><span style=\"color: #800000;\">Esta Rutas m\u00e1s hermoso trekking y senderismo en el mundo,<\/span><\/strong><\/p>\n<p><strong><span style=\"color: #800000;\">Presentaci\u00f3n: <\/span><\/strong><span style=\"color: #0000ff;\">Al norte de Antalya, una ciudad en el mar en las laderas de las<img loading=\"lazy\" class=\"alignright size-medium wp-image-675\" src=\"http:\/\/www.ramostur.com.tr\/es\/wp-content\/uploads\/2015\/06\/IMG_0772-300x200.jpg\" alt=\"IMG_0772\" width=\"300\" height=\"200\" srcset=\"https:\/\/www.ramostur.com.tr\/es\/wp-content\/uploads\/2015\/06\/IMG_0772-300x200.jpg 300w, https:\/\/www.ramostur.com.tr\/es\/wp-content\/uploads\/2015\/06\/IMG_0772-500x333.jpg 500w, https:\/\/www.ramostur.com.tr\/es\/wp-content\/uploads\/2015\/06\/IMG_0772.jpg 800w\" sizes=\"(max-width: 300px) 100vw, 300px\" \/> monta\u00f1as y los bosques y de los tiempos de los antiguos griegos, penetra Regi\u00f3n de los lagos de Turqu\u00eda, cruzando una de las m\u00e1s verdes de las monta\u00f1as de Tauro. Abundan aqu\u00ed, tan lejos como el ojo, extensiones de pinos, enebros, cedros y robles. Es una explosi\u00f3n del pasado que todav\u00eda est\u00e1 presente en los ritmos diarios de la vida pastoral. Al bajar a las llanuras f\u00e9rtiles, ricos en huertos y campos de cultivo, conocer asentamientos rurales donde las piedras a\u00fan prevalecen en la construcci\u00f3n de las casas. El Camino de St. Paul, que a veces surge en su pavimento original, cables en el momento de la predicaci\u00f3n de este importante protagonista de la religiosidad, con su recorrido constante, iniciado el expansi\u00f3n del <img loading=\"lazy\" class=\"alignright size-medium wp-image-740\" src=\"http:\/\/www.ramostur.com.tr\/es\/wp-content\/uploads\/2015\/06\/1201-300x169.jpg\" alt=\"120\" width=\"300\" height=\"169\" srcset=\"https:\/\/www.ramostur.com.tr\/es\/wp-content\/uploads\/2015\/06\/1201-300x169.jpg 300w, https:\/\/www.ramostur.com.tr\/es\/wp-content\/uploads\/2015\/06\/1201-1024x576.jpg 1024w, https:\/\/www.ramostur.com.tr\/es\/wp-content\/uploads\/2015\/06\/1201-500x281.jpg 500w\" sizes=\"(max-width: 300px) 100vw, 300px\" \/>cristianismo a trav\u00e9s de la pen\u00ednsula de Anatolia. Siguiendo sus pasos que se fund\u00f3 la iglesia cristiana m\u00e1s grande que estaba en Siguiendo aceptado y legitimado dentro del Imperio Bizantino. Luego regresamos hasta el noreste hacia una meseta interminable en busca de iglesias, monasterios y cuevas de ermita\u00f1os con frescos y pinturas que dan testimonio de esta notable pasado. Capadocia Se llama esta tierra. Tiempo Maravilloso aqu\u00ed aparece el legado de \u00e9pocas geol\u00f3gicas distantes: volcanes en inmensa petrificados monta\u00f1as envueltas en nubes y extensiones de colorido arcilla piedra arenisca, tallado por el flujo de los r\u00edos de nell&#8217;incedere inabissatisi<img loading=\"lazy\" class=\"alignright wp-image-656 size-medium\" src=\"http:\/\/www.ramostur.com.tr\/es\/wp-content\/uploads\/2015\/06\/138-300x169.jpg\" alt=\"138\" width=\"300\" height=\"169\" srcset=\"https:\/\/www.ramostur.com.tr\/es\/wp-content\/uploads\/2015\/06\/138-300x169.jpg 300w, https:\/\/www.ramostur.com.tr\/es\/wp-content\/uploads\/2015\/06\/138-1024x576.jpg 1024w, https:\/\/www.ramostur.com.tr\/es\/wp-content\/uploads\/2015\/06\/138-500x281.jpg 500w\" sizes=\"(max-width: 300px) 100vw, 300px\" \/><\/span><br \/>\n<span style=\"color: #0000ff;\">milenios.<\/span><br \/>\n<span style=\"color: #800000;\"><strong>CAPADOCIA: <\/strong><\/span><span style=\"color: #0000ff;\">Los fant\u00e1sticos paisajes de la regi\u00f3n de Turqu\u00eda que antiguamente se llamaba Capadocia son el resultado de un capricho orog\u00e9nico, en la que tom\u00f3 parte en la poderosa acci\u00f3n de los volcanes, la lluvia y el tiempo. Los sedimentos volc\u00e1nicos que conforman la corteza del suelo de Capadocia han sufrido durante eras la feroz erosi\u00f3n de los elementos clim\u00e1ticos de la meseta de Anatolia, creando gradualmente su propio mundo de sue\u00f1os paisaje irreal poblado de formaci\u00f3n Stony poco probable, que el real. Mientras tanto, los hombres han intervenido para atormentar a\u00fan m\u00e1s estos paisajes, perforar las entra\u00f1as para esculpir iglesias y monasterio,<img loading=\"lazy\" class=\"alignright wp-image-487 size-medium\" src=\"http:\/\/www.ramostur.com.tr\/es\/wp-content\/uploads\/2015\/06\/150-300x169.jpg\" alt=\"150\" width=\"300\" height=\"169\" srcset=\"https:\/\/www.ramostur.com.tr\/es\/wp-content\/uploads\/2015\/06\/150-300x169.jpg 300w, https:\/\/www.ramostur.com.tr\/es\/wp-content\/uploads\/2015\/06\/150-1024x576.jpg 1024w, https:\/\/www.ramostur.com.tr\/es\/wp-content\/uploads\/2015\/06\/150-500x281.jpg 500w\" sizes=\"(max-width: 300px) 100vw, 300px\" \/> salpicando las paredes y el suelo de roca para construir laber\u00ednticas ciudades subterr\u00e1neas. La arquitectura rupestre alcanza en la Capadocia su apoteosis<\/span><br \/>\n<strong><span style=\"color: #800000;\">SIERRA TAURUS: <\/span><\/strong><span style=\"color: #0000ff;\">Sendero de St. Paul el segundo sendero de gran recorrido en Turqu\u00eda. Funciona a aproximadamente 500 km al este de Antalya, en la regi\u00f3n de los lagos de Turqu\u00eda. Pasa a trav\u00e9s de algunas de las<br \/>\nzonas m\u00e1s verdes de las monta\u00f1as de Taurus en pino natural, los bosques de cedros, robles y enebros abundan. Luego se cae a Lakeland, con sus f\u00e9rtiles llanuras llenas de \u00e1rboles frutales y campos. Fuera de tiempo, el estilo de vida pastoral, rica en historia, belleza natural y la diversidad de la vida silvestre en esta zona se da casi todo lo que desea como un<img loading=\"lazy\" class=\"alignright wp-image-453 size-medium\" src=\"http:\/\/www.ramostur.com.tr\/es\/wp-content\/uploads\/2015\/06\/114-2-300x169.jpg\" alt=\"114 (2)\" width=\"300\" height=\"169\" srcset=\"https:\/\/www.ramostur.com.tr\/es\/wp-content\/uploads\/2015\/06\/114-2-300x169.jpg 300w, https:\/\/www.ramostur.com.tr\/es\/wp-content\/uploads\/2015\/06\/114-2-1024x576.jpg 1024w, https:\/\/www.ramostur.com.tr\/es\/wp-content\/uploads\/2015\/06\/114-2-500x281.jpg 500w\" sizes=\"(max-width: 300px) 100vw, 300px\" \/> excursionista paseo.Sin duda uno de los aspectos m\u00e1s destacados de todo el San Paolo Trail Trek, bicicletas, Jeep, la vieja ciudad en s\u00ed y el viejo camino de la construcci\u00f3n de piedra que conduce a lo que ahora son la inspiraci\u00f3n. Muchos de los edificios todav\u00eda est\u00e1n en excelentes condiciones y la antigua carretera es incre\u00edblemente hermoso.<br \/>\n<\/span><\/p>\n<p><strong><span style=\"color: #800000;\">D\u00eda 1: <\/span><\/strong><strong><span style=\"color: #800000;\">Vuelo desde &#8230;&#8230;&#8230; ..para Estambul \/ Antalya.<\/span><\/strong><br \/>\n<span style=\"color: #0000ff;\">Traslado en autob\u00fas a Beskonak. <\/span><span style=\"color: #0000ff;\">Alojamiento Hotel \u00a0Bungalow,<br \/>\n<\/span><strong><span style=\"color: #800000;\">D\u00eda 2: Las monta\u00f1as de Taurus , Trekking: Beskonak (780 m), Selge (940 m), Caltepe (457 m)<br \/>\n<\/span><\/strong><span style=\"color: #0000ff;\">Despu\u00e9s del desayuno, Cruzando el parque, lleno de \u00e1rboles henna y <img loading=\"lazy\" class=\"alignright wp-image-447 size-medium\" src=\"http:\/\/www.ramostur.com.tr\/es\/wp-content\/uploads\/2015\/06\/060-300x169.jpg\" alt=\"060\" width=\"300\" height=\"169\" srcset=\"https:\/\/www.ramostur.com.tr\/es\/wp-content\/uploads\/2015\/06\/060-300x169.jpg 300w, https:\/\/www.ramostur.com.tr\/es\/wp-content\/uploads\/2015\/06\/060-1024x576.jpg 1024w, https:\/\/www.ramostur.com.tr\/es\/wp-content\/uploads\/2015\/06\/060-500x281.jpg 500w\" sizes=\"(max-width: 300px) 100vw, 300px\" \/>rocas esculpidas por el viento, a las ruinas de Selge, una antigua ciudad donde St. Paul predic\u00f3. Sugerente son registros incluso hist\u00f3ricos del teatro lleno dentro de la vegetaci\u00f3n y terrazas sopor<br \/>\ntadas por muros de piedra seca donde se practica una agricultura floreciente.<\/span><span style=\"color: #0000ff;\">Alojamiento en casa rural, cena.<\/span><br \/>\n<span style=\"color: #0000ff;\">Compartir de salida: 780 m<\/span><br \/>\n<span style=\"color: #0000ff;\">Proporci\u00f3n de llegada: 780 m<\/span><br \/>\n<span style=\"color: #0000ff;\">Ascenso: 300 m<\/span><br \/>\n<span style=\"color: #0000ff;\">Descenso: 600 m<\/span><br \/>\n<span style=\"color: #800000;\"><strong>D\u00eda 3: \u00a0 Las monta\u00f1as de Taurus,<span style=\"color: #800000;\">\u00a0Trekking:Kesme (1.038 m), Kasimlar (1.008 m)<img loading=\"lazy\" class=\"alignright wp-image-458 size-medium\" src=\"http:\/\/www.ramostur.com.tr\/es\/wp-content\/uploads\/2015\/06\/131-300x169.jpg\" alt=\"131\" width=\"300\" height=\"169\" srcset=\"https:\/\/www.ramostur.com.tr\/es\/wp-content\/uploads\/2015\/06\/131-300x169.jpg 300w, https:\/\/www.ramostur.com.tr\/es\/wp-content\/uploads\/2015\/06\/131-1024x576.jpg 1024w, https:\/\/www.ramostur.com.tr\/es\/wp-content\/uploads\/2015\/06\/131-500x281.jpg 500w\" sizes=\"(max-width: 300px) 100vw, 300px\" \/><\/span><br \/>\n<\/strong><span style=\"color: #0000ff;\">Despu\u00e9s del desayuno,<\/span><\/span><span style=\"color: #0000ff;\">\u00a0Traslado en autob\u00fas a Kesme (1.038 m).Un antiguo sendero conduce a Kasimlar vistas al profundo ca\u00f1\u00f3n. Las ruinas de los asentamientos<br \/>\nrurales, reba\u00f1os de cabras y pastores, escenasde la vida cotidiana local espectaculares formaciones rocosas, acompa\u00f1ar\u00e1 toda la ruta.<\/span><span style=\"color: #0000ff;\">Alojamiento en casa rural, cena.<\/span><br \/>\n<span style=\"color: #0000ff;\">Compartir de salida: 1038 m<\/span><br \/>\n<span style=\"color: #0000ff;\">Cita de llegada: 1.008 m<\/span><br \/>\n<span style=\"color: #0000ff;\">Ascenso: 500 m<\/span><br \/>\n<span style=\"color: #0000ff;\">Descenso: 500 m<img loading=\"lazy\" class=\"alignright wp-image-460 size-medium\" src=\"http:\/\/www.ramostur.com.tr\/es\/wp-content\/uploads\/2015\/06\/139-300x169.jpg\" alt=\"139\" width=\"300\" height=\"169\" srcset=\"https:\/\/www.ramostur.com.tr\/es\/wp-content\/uploads\/2015\/06\/139-300x169.jpg 300w, https:\/\/www.ramostur.com.tr\/es\/wp-content\/uploads\/2015\/06\/139-1024x576.jpg 1024w, https:\/\/www.ramostur.com.tr\/es\/wp-content\/uploads\/2015\/06\/139-500x281.jpg 500w\" sizes=\"(max-width: 300px) 100vw, 300px\" \/><\/span><br \/>\n<strong><span style=\"color: #800000;\">D\u00eda 4: \u00a0Las monta\u00f1as de Taurus,<\/span><\/strong>\u00a0<strong><span style=\"color: #800000;\">Traslado en autocar hasta la meseta de Tota (1.448 m).<\/span><\/strong><br \/>\n<span style=\"color: #0000ff;\">Despu\u00e9s del desayuno,\u00a0En el camino a las ruinas arqueol\u00f3gicas de Adada, otro lugar importante de la predicaci\u00f3n de St. Paul. La ruta, que serpentea en una monta\u00f1a,<br \/>\nque dar\u00e1 lugar a una iglesia paleocristiana antigua a descender a trav\u00e9s de un denso bosque hasta Tota Parque Forestal con la vida de plantas raras.<\/span><span style=\"color: #0000ff;\">Trek: Tota Meseta (1448 m), Adana (1.234 m), Tota Forestal Park (1000 m) Transferencia de aproximadamente una hora en autob\u00fas a Egridir (917 m). En el camino se <img loading=\"lazy\" class=\"alignright wp-image-241 size-medium\" src=\"http:\/\/www.ramostur.com.tr\/es\/wp-content\/uploads\/2015\/05\/100_2894-300x225.jpg\" alt=\"100_2894\" width=\"300\" height=\"225\" srcset=\"https:\/\/www.ramostur.com.tr\/es\/wp-content\/uploads\/2015\/05\/100_2894-300x225.jpg 300w, https:\/\/www.ramostur.com.tr\/es\/wp-content\/uploads\/2015\/05\/100_2894-1024x768.jpg 1024w\" sizes=\"(max-width: 300px) 100vw, 300px\" \/>puede visitar una dataci\u00f3n caravasar \u00c9poca sely\u00facida. Alojamiento con pensi\u00f3n, la cena.<\/span><br \/>\n<span style=\"color: #0000ff;\">Compartir de salida: 1448 m<\/span><br \/>\n<span style=\"color: #0000ff;\">Cita de llegada: 1.000 m<\/span><br \/>\n<span style=\"color: #0000ff;\">Ascenso: 500 m<\/span><br \/>\n<span style=\"color: #0000ff;\">Descenso: 500 m<br \/>\n<\/span><\/p>\n<p><strong><span style=\"color: #800000;\">D\u00eda 5: Las monta\u00f1as de Taurus,Capadocia \u00a0,<\/span><\/strong><span style=\"color: #0000ff;\">.<strong><span style=\"color: #800000;\">Traslado en autob\u00fas a Ihlara (1.312 m).<\/span><\/strong><br \/>\n<\/span><span style=\"color: #0000ff;\">Despu\u00e9s del desayuno,\u00a0Visite Konia donde hay un monasterio que data de los sely\u00facidas. Aqu\u00ed est\u00e1n enterrados los restos de Mevlana, un gran fil\u00f3sofo m\u00edstico que vivi\u00f3 en el siglo XIII, amado y respetado por todo el mundo isl\u00e1mico. Los seguidores, su muerte se reunieron y fundaron la hermandad de los &#8220;derviches&#8221; con el objetivo de perpetuar el pensamiento. Durante el festival, que se celebra cada a\u00f1o para conmemoraci\u00f3n, los Derviches de Konya danza, ya que tienen m\u00e1s de 700 a\u00f1os, a buscar, de acuerdo <img loading=\"lazy\" class=\"alignright size-medium wp-image-240\" src=\"http:\/\/www.ramostur.com.tr\/es\/wp-content\/uploads\/2015\/05\/100_2890-300x225.jpg\" alt=\"100_2890\" width=\"300\" height=\"225\" srcset=\"https:\/\/www.ramostur.com.tr\/es\/wp-content\/uploads\/2015\/05\/100_2890-300x225.jpg 300w, https:\/\/www.ramostur.com.tr\/es\/wp-content\/uploads\/2015\/05\/100_2890-1024x768.jpg 1024w\" sizes=\"(max-width: 300px) 100vw, 300px\" \/>con la ense\u00f1anza de este gran fil\u00f3sofo y a trav\u00e9s de movimientos rituales del cuerpo, la uni\u00f3n m\u00edstica con Dios. Despu\u00e9s de visitar la mezquita, que se inicia en el momento de la Antigua Pueblo Guzelyurt, caracterizado por la presencia de tumbas y casas cueva, donde los primeros cristianos se refugiaron para escapar de persecuciones de los romanos. Tambi\u00e9n visita a la ciudad subterr\u00e1nea, otro lugar de refugio y laberinto tallado en la tierra. Alojamiento en un hotel cerca de Ihlara, cena.<\/span><br \/>\n<strong><span style=\"color: #800000;\">D\u00eda 6: Capadocia -Ihlara<br \/>\n<\/span><\/strong><span style=\"color: #0000ff;\">Despu\u00e9s del desayuno, Traslado en autob\u00fas y visita a la fortaleza troglodita de Selimiye (1.144 m).<\/span><br \/>\n<span style=\"color: #0000ff;\">La entrada al Valle de Peristrema, atravesado por el r\u00edo Melendiz que cre\u00f3 un profundo ca\u00f1\u00f3n: un paredes Eden tachonado cuevas de ermita\u00f1os, peque\u00f1os monasterios,<img loading=\"lazy\" class=\"alignright size-medium wp-image-236\" src=\"http:\/\/www.ramostur.com.tr\/es\/wp-content\/uploads\/2015\/05\/100_2860-300x225.jpg\" alt=\"100_2860\" width=\"300\" height=\"225\" srcset=\"https:\/\/www.ramostur.com.tr\/es\/wp-content\/uploads\/2015\/05\/100_2860-300x225.jpg 300w, https:\/\/www.ramostur.com.tr\/es\/wp-content\/uploads\/2015\/05\/100_2860-1024x768.jpg 1024w\" sizes=\"(max-width: 300px) 100vw, 300px\" \/> iglesias rupestres, tallados en la roca, que contienen en s\u00ed extraordinarias pinturas de sagrada escritos que datan de la \u00e9poca bizantina.<\/span><br \/>\n<span style=\"color: #0000ff;\">Trek: Camino espectaculares 10 km de largo ca\u00f1\u00f3n<\/span><br \/>\n<span style=\"color: #0000ff;\">Transferencia a Urgup y alojamiento en un hotel, la cena.<\/span><br \/>\n<span style=\"color: #0000ff;\">Ascenso: 200 m<\/span><br \/>\n<span style=\"color: #0000ff;\">Descenso: 200 m<\/span><\/p>\n<p><strong><span style=\"color: #800000;\">D\u00eda 7 : \u00a0Capadocia,\u00a0<\/span><\/strong><span style=\"color: #0000ff;\"><strong><span style=\"color: #800000;\">Traslado en bus al Valle Rojo (1000 m).<br \/>\n<\/span><\/strong><\/span><span style=\"color: #0000ff;\">Despu\u00e9s del desayuno, En el camino se llega al Valle Devrent con rocas t\u00edpicas, esculpidas por la erosi\u00f3n, que tienen alg\u00fan tipo de animal. El conjunto d\u00eda est\u00e1 dedicado a una excursi\u00f3n inolvidable a trav\u00e9s de antiguos \u00e1rboles frutales, hierbas y arbustos,<img loading=\"lazy\" class=\"alignright size-medium wp-image-226\" src=\"http:\/\/www.ramostur.com.tr\/es\/wp-content\/uploads\/2015\/05\/100_2005-300x225.jpg\" alt=\"100_2005\" width=\"300\" height=\"225\" srcset=\"https:\/\/www.ramostur.com.tr\/es\/wp-content\/uploads\/2015\/05\/100_2005-300x225.jpg 300w, https:\/\/www.ramostur.com.tr\/es\/wp-content\/uploads\/2015\/05\/100_2005.jpg 640w\" sizes=\"(max-width: 300px) 100vw, 300px\" \/> donde la toba, erosionado y moldeadas por el viento y el mal tiempo, que ha llevado a los conos y las famosas &#8220;chimeneas de hadas&#8221;.<\/span><span style=\"color: #0000ff;\">Trek: (1020 m) Pasa Bag\u0131, Avanos, a orillas del r\u00edo Rojo (930 m), Valle del Amor (1000 m), Cavusin (1.029 m)<\/span><span style=\"color: #0000ff;\">Traslado en autob\u00fas a Urgup, regreso al hotel, cena.<\/span><br \/>\n<span style=\"color: #0000ff;\">Compartir de salida: 1020 m<\/span><br \/>\n<span style=\"color: #0000ff;\">Cita de llegada: 1.029 m<\/span><br \/>\n<span style=\"color: #0000ff;\">Ascenso: 150 m<\/span><br \/>\n<span style=\"color: #0000ff;\">Descenso: 150 m<\/span><br \/>\n<strong><span style=\"color: #800000;\">D\u00eda 8: Capadocia,Estambul&#8230;&#8230;&#8230;&#8230;<br \/>\n<\/span><\/strong><span style=\"color: #0000ff;\">Despu\u00e9s del desayuno, Traslado en autob\u00fas desde el aeropuerto de Kayseri Urgup. Vuelos a Estambul \u2026\u2026\u2026<\/span><\/p>\n<p><span style=\"color: #800000;\"><strong>Servicios incluidos: Hoteles<img loading=\"lazy\" class=\"alignright size-medium wp-image-245\" src=\"http:\/\/www.ramostur.com.tr\/es\/wp-content\/uploads\/2015\/05\/100_2922-300x225.jpg\" alt=\"100_2922\" width=\"300\" height=\"225\" srcset=\"https:\/\/www.ramostur.com.tr\/es\/wp-content\/uploads\/2015\/05\/100_2922-300x225.jpg 300w, https:\/\/www.ramostur.com.tr\/es\/wp-content\/uploads\/2015\/05\/100_2922-1024x768.jpg 1024w\" sizes=\"(max-width: 300px) 100vw, 300px\" \/><\/strong><\/span><br \/>\n<span style=\"color: #0000ff;\">En Beskonak con desayuno y cena<\/span><br \/>\n<span style=\"color: #0000ff;\">En \u00c7altepe con desayuno y cena<\/span><br \/>\n<span style=\"color: #0000ff;\">En Kas\u0131mlar con desayuno y cena<\/span><br \/>\n<span style=\"color: #0000ff;\">En E\u011fridir con desayuno y cena<\/span><br \/>\n<span style=\"color: #0000ff;\">En Capadocia con desayuno y cena<\/span><\/p>\n<p><span style=\"color: #800000;\"><strong>Trasporte\u00a0<\/strong><strong>\u00a0\u00a0\u00a0<\/strong><\/span><strong>:<\/strong> <span style=\"color: #0000ff;\">Todos los traslados de entrada y salida aeropuerto\/s hotel\/es y transporte privado Mercedes, A\/C, veh\u00edculos especiales Jeep Land Rover Defender \u2013 Discovery <\/span><br \/>\n<span style=\"color: #0000ff;\">Gu\u00eda, trekking de monta\u00f1a en Ingl\u00e9s, Italiano, Espa\u00f1ol,<\/span><\/p>\n<p><span style=\"color: #800000;\"><strong><span style=\"font-family: Helvetica;\">www.ramostur.com.tr<\/span><span style=\"font-family: Helvetica;\">\u00a0 \u00a0&amp;<\/span><span style=\"font-family: Helvetica;\">\u00a0 \u00a0info@ramostur..com.tr\u00a0 \u00a0&amp; \u00a0\u00a0trekking@ramostur.com.tr<\/span><\/strong><\/span><\/p>\n<p><span style=\"color: #0000ff;\">\u201cCon Ramos una alternativa para sus vacaciones una forma de vida,\u00a0una pasion, una\u00a0aventura perfecta.\u201d<\/span><br \/>\n<span style=\"color: #0000ff;\">\u201cAmb Ramos una alternativa de vacances, una forma de vida, una passio, una aventura perfecta.\u201d<\/span><\/p>\n<p><span style=\"color: #800000;\"><strong><span style=\"font-family: Helvetica;\">TURSAB ASSOCIATION OF TURKISH TRAVEL AGENCIES<br \/>\n<\/span><\/strong>Member of TURSAB, Ramos Turizm. Catena del Taurus Travel<\/span><br \/>\n<span style=\"color: #0000ff;\"><span style=\"color: #800000;\">Licence No: 5152 A Grubu Capadocia \u2013\u00dcrg\u00fcp \/Estambul-Turquia<\/span> <\/span><\/p>\n","protected":false},"excerpt":{"rendered":"<p>Senderismo-Trekking ,Tras los pasos de St. Paul y Los Turcos N\u00f3madas. A lo largo de los caminos de las monta\u00f1as de Taurus y Capadocia. Naturaleza, Historia Esta Rutas m\u00e1s hermoso trekking y senderismo en el mundo, Presentaci\u00f3n: Al norte de Antalya, una ciudad en el mar en las laderas de las monta\u00f1as y los bosques&hellip;<\/p>\n<p><a class=\"more-link\" href=\"https:\/\/www.ramostur.com.tr\/es\/trekking\/\">Read More<\/a><\/p>\n","protected":false},"author":2,"featured_media":0,"parent":0,"menu_order":7,"comment_status":"closed","ping_status":"closed","template":"page-templates\/full-width.php","meta":[],"_links":{"self":[{"href":"https:\/\/www.ramostur.com.tr\/es\/wp-json\/wp\/v2\/pages\/736"}],"collection":[{"href":"https:\/\/www.ramostur.com.tr\/es\/wp-json\/wp\/v2\/pages"}],"about":[{"href":"https:\/\/www.ramostur.com.tr\/es\/wp-json\/wp\/v2\/types\/page"}],"author":[{"embeddable":true,"href":"https:\/\/www.ramostur.com.tr\/es\/wp-json\/wp\/v2\/users\/2"}],"replies":[{"embeddable":true,"href":"https:\/\/www.ramostur.com.tr\/es\/wp-json\/wp\/v2\/comments?post=736"}],"version-history":[{"count":15,"href":"https:\/\/www.ramostur.com.tr\/es\/wp-json\/wp\/v2\/pages\/736\/revisions"}],"predecessor-version":[{"id":818,"href":"https:\/\/www.ramostur.com.tr\/es\/wp-json\/wp\/v2\/pages\/736\/revisions\/818"}],"wp:attachment":[{"href":"https:\/\/www.ramostur.com.tr\/es\/wp-json\/wp\/v2\/media?parent=736"}],"curies":[{"name":"wp","href":"https:\/\/api.w.org\/{rel}","templated":true}]}}