{"id":25,"date":"2015-03-06T21:29:10","date_gmt":"2015-03-06T21:29:10","guid":{"rendered":"http:\/\/www.ramostur.com.tr\/es\/?page_id=25"},"modified":"2016-04-29T00:37:23","modified_gmt":"2016-04-29T00:37:23","slug":"senderismo-yate-goleta","status":"publish","type":"page","link":"https:\/\/www.ramostur.com.tr\/es\/senderismo-yate-goleta\/","title":{"rendered":"Senderismo &#038; Yate Goleta"},"content":{"rendered":"<p><span style=\"color: #800000;\"><strong>Senderismo\u00a0\/Trekking con Sendero Ruta de San Pablo\u00a0Capadocia Ihlara, Lago di Beysehir, Egridir, Mt.Taurus,Adada,Selge,Be\u015fkonak via Antalya, Demre (Papa Nuel) Yate Goleta Azul la costa Turquesa Zona Licia (la ciudad antique Simena Fethiye-Estambul (13 Dias)<\/strong><\/span><\/p>\n<p style=\"text-align: justify;\"><span style=\"color: #0000ff;\"><strong><span style=\"color: #800000;\">SIERRA TAURUS:<\/span>\u00a0 <\/strong>St. Paul TRAILIS el segundo sendero de gran recorrido de <img loading=\"lazy\" class=\"alignright  wp-image-229\" src=\"http:\/\/www.ramostur.com.tr\/es\/wp-content\/uploads\/2015\/05\/100_2748-225x300.jpg\" alt=\"100_2748\" width=\"206\" height=\"275\" srcset=\"https:\/\/www.ramostur.com.tr\/es\/wp-content\/uploads\/2015\/05\/100_2748-225x300.jpg 225w, https:\/\/www.ramostur.com.tr\/es\/wp-content\/uploads\/2015\/05\/100_2748-768x1024.jpg 768w\" sizes=\"(max-width: 206px) 100vw, 206px\" \/>Turqu\u00eda. Se ejecuta a unos 500 kms, desde el este de Antalya, en la regi\u00f3n de los lagos de Turqu\u00eda. Pasa a trav\u00e9s de algunas de las zonas m\u00e1s verdes de las monta\u00f1as Taurus en pino natural, cedro, roble y bosques de enebro son abundan. Luego se desciende en la Regi\u00f3n de los Lagos, con sus f\u00e9rtiles llanuras llenas de \u00e1rboles frutales y campos. Sin tocar por el tiempo, el estilo de vida pastoral, la riqueza de la historia, la belleza de la naturaleza y la diversidad de la vida silvestre le da a este \u00e1rea casi todo lo que un excursionista le gustar\u00eda encontrar en un paseo. Sin duda, uno de los aspectos m\u00e1s destacados de todo el St Paul Trail Trek, la antigua ciudad en s\u00ed y el antiguo camino de la construcci\u00f3n de piedra que conduce a que son a la vez fuente de inspiraci\u00f3n. Muchos de los edificios est\u00e1n todav\u00eda en muy buenas condiciones y la antigua carretera es incre\u00edblemente hermoso.<br \/>\n<\/span><span style=\"color: #0000ff;\"><span style=\"color: #800000;\"><strong>CAPADOCIA: <\/strong><\/span>Los fant\u00e1sticos paisajes de la regi\u00f3n de Turqu\u00eda que antiguamente se llamaba Capadocia son el resultado de un capricho orog\u00e9nico,en el que ha tomado parte la poderosa acci\u00f3n de los volcanes,la lluvia y el tiempo.\u00a0 Los sedimentos<img loading=\"lazy\" class=\"alignright wp-image-239 size-medium\" src=\"http:\/\/www.ramostur.com.tr\/es\/wp-content\/uploads\/2015\/05\/100_2884-300x225.jpg\" alt=\"100_2884\" width=\"300\" height=\"225\" srcset=\"https:\/\/www.ramostur.com.tr\/es\/wp-content\/uploads\/2015\/05\/100_2884-300x225.jpg 300w, https:\/\/www.ramostur.com.tr\/es\/wp-content\/uploads\/2015\/05\/100_2884-1024x768.jpg 1024w\" sizes=\"(max-width: 300px) 100vw, 300px\" \/> volc\u00e1nicos que conforman la corteza del suelo de Capadocia han sufrido durante eras la feroz erosi\u00f3n de los elementos clim\u00e1ticos de la meseta anatolia, creando poco a poco un irreal decorado poblado de formaciones p\u00e9treas inveros\u00edmiles, m\u00e1s propias del mundo de los sue\u00f1os que del real.A su vez,los hombres han intervenido para atormentar a\u00fan m\u00e1s estos paisajes, horadando sus entra\u00f1as para esculpir iglesias y monasterio , acribillando las paredes y suelos de roca para construir laber\u00ednticas ciudades subterr\u00e1neas. La arquitectura rupestre alcanza en la Capadocia su apoteosis<br \/>\n<\/span><span style=\"color: #800000;\"><strong>YATE-BARCOS GOLETA:<\/strong><\/span><span style=\"color: #0000ff;\">Los barcos Goleta son moto veleros de madera con entre 6 y 8 camarotes, son muy c\u00f3modos.. La tripulaci\u00f3n de a bordo se ocupa de que el viajero disfrute plenamente de sus vacaciones mientras navegan por la costa disfrutando del mar turquesa y del incre\u00edble paisaje. Un para\u00edso azul y una costa sembrada de historia <img loading=\"lazy\" class=\"alignright wp-image-278 size-medium\" src=\"http:\/\/www.ramostur.com.tr\/es\/wp-content\/uploads\/2015\/05\/100_5629-300x225.jpg\" alt=\"100_5629\" width=\"300\" height=\"225\" srcset=\"https:\/\/www.ramostur.com.tr\/es\/wp-content\/uploads\/2015\/05\/100_5629-300x225.jpg 300w, https:\/\/www.ramostur.com.tr\/es\/wp-content\/uploads\/2015\/05\/100_5629.jpg 800w\" sizes=\"(max-width: 300px) 100vw, 300px\" \/>sorprenden al viajero.Ver la espectacular l\u00ednea costera entre Demre &amp; Fethiye. \u00bfQu\u00e9 mejor manera de hacerlo que la de un crucero por el Mediterr\u00e1neo en un Gulet turco? Relajarse en la cubierta, tomar el sol, darse una zambullida en el agua fresca y magnifica del Mediterr\u00e1neo, comer montones de rica comida de la cocina turca, y beber cervezas fr\u00edas y vinos deliciosos. Hay tantas hermosas bah\u00edas y ensenadas alrededor de la costa. Situados entre las islas y playas tambi\u00e9n encontrar\u00e1 sitios arqueol\u00f3gicos hist\u00f3ricos para explorar.<br \/>\n<\/span><span style=\"color: #0000ff;\"><span style=\"color: #800000;\"><strong><u>D\u00eda 1-&#8230;&#8230;&#8230;&#8230;&#8230;via Estanbul-KAYSER\u0130 O NEV\u015eEH\u0130R<\/u><br \/>\n<\/strong><\/span><\/span><span style=\"color: #0000ff;\">Vuelo con destino via Estambul. Alojamiento en Capadocia. (D)<br \/>\n<\/span><span style=\"color: #0000ff;\"><span style=\"color: #800000;\"><strong><u>D\u00eda 2-Senderismo en Capadocia (Valle de Rojo) chimeneas de hadas<\/u><\/strong><\/span><u>. <img loading=\"lazy\" class=\"alignright size-medium wp-image-253\" src=\"http:\/\/www.ramostur.com.tr\/es\/wp-content\/uploads\/2015\/05\/100_3638-300x225.jpg\" alt=\"100_3638\" width=\"300\" height=\"225\" srcset=\"https:\/\/www.ramostur.com.tr\/es\/wp-content\/uploads\/2015\/05\/100_3638-300x225.jpg 300w, https:\/\/www.ramostur.com.tr\/es\/wp-content\/uploads\/2015\/05\/100_3638-1024x768.jpg 1024w\" sizes=\"(max-width: 300px) 100vw, 300px\" \/><br \/>\n<\/u><\/span><span style=\"color: #0000ff;\">Despu\u00e9s\u00a0del\u00a0desayuno,\u00a0Marcha para a valle de fantas\u00eda (Devrent),donde la piedra erosionada por el viento forma picos,conos y obeliscos denominados chimeneas de hadas. El valle de los monjes (Pasabagi). El valle Kizilvadi (Rojo) es asombrosamente hermoso,especialmente durante la sol.En el vale esta\u2019 la Iglesia Uzumlu del siglo IX. (Paseo 5-6hrs. 1.100 m) Alojamiento el hotel (con Desayuno,Cena)<br \/>\n<\/span><span style=\"color: #0000ff;\"><span style=\"color: #800000;\"><strong><u>D\u00eda 3-Senderismo en Capadocia\u2013Ca\u00f1\u00f3n de Ihlara<\/u><\/strong> <strong><u>Ciudades subterr\u00e1neas<br \/>\n<\/u><\/strong><\/span><\/span><span style=\"color: #0000ff;\">Despu\u00e9s\u00a0del\u00a0desayuno. Transporte por\u00a0carretera\u00a01-hrs.y para la visita de pueblo troglodita de Selimiye los hititas, los romanos, los primeros cristianos lugares en los que viven. con capillas, iglesias, monasterios, casas y tumbas, que siguen el desarrollo de la pintura bizantina, palomares y vida cotidiana del pueblo t\u00edpico de Anatolia ca\u00f1\u00f3n de Ihlara constituido por interrupciones y desplomes sale con el resfriado que obtiene de <img loading=\"lazy\" class=\"alignright wp-image-237\" src=\"http:\/\/www.ramostur.com.tr\/es\/wp-content\/uploads\/2015\/05\/100_2863-300x225.jpg\" alt=\"100_2863\" width=\"289\" height=\"217\" srcset=\"https:\/\/www.ramostur.com.tr\/es\/wp-content\/uploads\/2015\/05\/100_2863-300x225.jpg 300w, https:\/\/www.ramostur.com.tr\/es\/wp-content\/uploads\/2015\/05\/100_2863-1024x768.jpg 1024w\" sizes=\"(max-width: 289px) 100vw, 289px\" \/>las lavas que contiene substancias densas de basalto y andesite y desborda de la monta\u00f1a de Hasanda\u011f. En que parti\u00f3 \u00e1rea una manera del hallazgo de arroyo de Melendiz para fluir y dar la forma actual al ca\u00f1\u00f3n, ese arroyo se denomin\u00f3 en las edades tempranas Potamus Kapadukus que significa el r\u00edo de Capadocia. El valle miente 14 kil\u00f3metro largo. los comienzos de Ihlara, seacaban en Selime. El alcance de hight de valle a 100 &#8211; 150 miden en algunos coloca. A trav\u00e9s del valle hay los refugios y despu\u00e9s por la tarde visita a Ciudades subterr\u00e1neas G\u00fczelyurt (Gelveri) antigua ciudad griega. Alojamiento un hotel casa historica troglodita.<br \/>\n<\/span><span style=\"color: #800000;\"><strong><u>D\u00eda 4- Capadocia G\u00fczelyurt \u2013Lago Beysehir-Lago Egridir<\/u>\u00a0\u00a0<\/strong><\/span><br \/>\n<span style=\"color: #0000ff;\">Despu\u00e9s del desayuno,\u00a0Transporte por\u00a0carretera\u00a04-5-hrs. de viaje se llegada <img loading=\"lazy\" class=\"alignright size-medium wp-image-295\" src=\"http:\/\/www.ramostur.com.tr\/es\/wp-content\/uploads\/2015\/05\/140-300x169.jpg\" alt=\"140\" width=\"300\" height=\"169\" srcset=\"https:\/\/www.ramostur.com.tr\/es\/wp-content\/uploads\/2015\/05\/140-300x169.jpg 300w, https:\/\/www.ramostur.com.tr\/es\/wp-content\/uploads\/2015\/05\/140-1024x576.jpg 1024w\" sizes=\"(max-width: 300px) 100vw, 300px\" \/>porla tarde al Lago de E\u011fridir La posada Lago de Bey\u015fehir de la visita ciudad La mezquita fue construida por E\u015frefo\u011flu , bajo las \u00f3rdenes de Seyheddin S\u00fcleyman Bey en 1296. Lo que m\u00e1s impresiona son sus 42 enormes pilares de madera, mosaicos de colores y su mihrab\u201daltar\u201d de azulejos azules y llegada lago E\u011fridir visita de la ruta de seda a visitaremos el Caravasar de E\u011fridir, un monumento funcional grandioso. El caravasar, fue construido en 1229. Es el mejor conservado de las grandes posadas sely\u00facidas-ottamana. Alojamiento orilla del lago en el hotel (900 m)<br \/>\n<\/span><span style=\"color: #0000ff;\"><span style=\"color: #800000;\"><strong><u>D\u00eda 5- Monta\u00f1as de Taurus, Via lago Kovada-Adada-Tota-Kas\u0131mlar<\/u><\/strong><br \/>\n<\/span><\/span><span style=\"color: #0000ff;\">Despu\u00e9s\u00a0del\u00a0desayuno transporte de corta distancia y llegada de las ruinas de Adada la ciudad antique visitamos y vamos a ir ruta sendero excursi\u00f3n del San Pablo a trav\u00e9s del bosque del Parque Bosque a Tota. Explora el bosque, que tiene tulipanes miniatura salvajes, (5-6 hrs Sendero. 1.600 m) Alojamiento en el un peque\u00f1o hotel familiar en el bosque.<br \/>\n<\/span><span style=\"color: #800000;\"><strong><u>D\u00eda 6- Monta\u00f1as de Taurus Kas\u0131mlar-Kesme-Cukurba\u011f-Caltepe<\/u>\u00a0<img loading=\"lazy\" class=\"alignright size-medium wp-image-288\" src=\"http:\/\/www.ramostur.com.tr\/es\/wp-content\/uploads\/2015\/05\/120-300x169.jpg\" alt=\"120\" width=\"300\" height=\"169\" srcset=\"https:\/\/www.ramostur.com.tr\/es\/wp-content\/uploads\/2015\/05\/120-300x169.jpg 300w, https:\/\/www.ramostur.com.tr\/es\/wp-content\/uploads\/2015\/05\/120-1024x576.jpg 1024w\" sizes=\"(max-width: 300px) 100vw, 300px\" \/><br \/>\n<\/strong><\/span><span style=\"color: #0000ff;\">Despu\u00e9s\u00a0del\u00a0desayuno,Excursion sendero del ruta San Pablo visitando los habitantes nomadas Anatolias-Mediterr\u00e1neo de la zona pasamos En el interior del ca\u00f1\u00f3n, a trav\u00e9s de una de las maravillas de una excelente vista y llegada Kesme o \u00c7ukurca vida cotidiana del pueblo t\u00edpico los habitantes traslado 0.5 hrs Caltepe (5-6 hrs Sendero. 1.600-800 m) Alojamiento en el un peque\u00f1o hotel familiar en el bosque<br \/>\n<\/span><span style=\"color: #0000ff;\"><span style=\"color: #800000;\"><strong><u>D\u00eda 7\u2013Monta\u00f1as de Taurus Caltepe-Delisarn\u0131\u00e7-Selge-K\u00f6prul\u00fc Canon<\/u><\/strong><\/span><\/span><span style=\"color: #0000ff;\"><br \/>\nDespu\u00e9s\u00a0del\u00a0desayuno. Excursion sendero del ruta San Pablo En el interior del canon de ponte, a trav\u00e9s de una de las maravillas de natura una excelente vista y visita fantas\u00eda rocas de hadas llegada visitamos de las ruinas la ciudad antique de Selge teatro romano bajamos el canon de be\u015fkonak dentro de los bosques, los \u00e1rboles rojos sanos.(cuerpo de terciopelo) visita ponte romano y llegada Alojamiento en el hotel peque\u00f1o casas en los \u00e1rboles de madera,(6-7 hrs Sendero. 1000-400 )<br \/>\n<\/span><span style=\"text-decoration: underline;\"><span style=\"color: #800000; text-decoration: underline;\"><strong>D\u00eda 8-\u00a0Barcos Goleta (via Licia) Antalya-Demre -Myra-Kekeova-Simena<img loading=\"lazy\" class=\"alignright size-medium wp-image-276\" src=\"http:\/\/www.ramostur.com.tr\/es\/wp-content\/uploads\/2015\/05\/100_5561-300x225.jpg\" alt=\"100_5561\" width=\"300\" height=\"225\" srcset=\"https:\/\/www.ramostur.com.tr\/es\/wp-content\/uploads\/2015\/05\/100_5561-300x225.jpg 300w, https:\/\/www.ramostur.com.tr\/es\/wp-content\/uploads\/2015\/05\/100_5561-1024x768.jpg 1024w\" sizes=\"(max-width: 300px) 100vw, 300px\" \/><br \/>\n<\/strong><\/span><\/span><span style=\"color: #0000ff;\">Despu\u00e9s del desayuno, traslado al sitio arqueol\u00f3gico de Myra, y para Demre para los de San Nicol\u00e1sSalida en barco desde el puerto de Demre entre 1 \u00f3 14:00 Piratas Cueva (estado de la mar lo permite), Sunken City de Kekova (este sitio arqueol\u00f3gico Licia-romano est\u00e1 protegido).Simena, un pueblo pesquero tradicional turca sin acceso de coches y bizantino castillo \/ otomano.En Gokkaya bah\u00eda est\u00e1n disponibles deportes acu\u00e1ticos opcionales. La cena, rel\u00e1jese en este para\u00edso piratas o fiesta toda la noche en el Smugglers Inn<br \/>\n<\/span><span style=\"text-decoration: underline;\"><span style=\"color: #800000; text-decoration: underline;\"><strong>D\u00eda 9 &#8211; Barcos Goleta (via Licia) Kas Antiphellos<br \/>\n<\/strong><\/span><\/span><span style=\"color: #0000ff;\">Desayuno. Salida hacia Kas. Una parada para nadar en una bah\u00eda agradable y tranquilo frente a la peque\u00f1a ciudad. Almuerzo.Visita de este encantador pueblo de pescadores. De antiguos Antiphellos, ya que una vez fue conocido Kas, s\u00f3lo Licio tumbas de roca y sarc\u00f3fagos y el teatro romano se dejan. Pero el encanto de la ciudad sigue siendo! Cerca Kalkan nos detenemos en acuario o Firnaz bah\u00eda (cena y segunda noche).<br \/>\n<\/span><span style=\"text-decoration: underline;\"><span style=\"color: #800000; text-decoration: underline;\"><strong>D\u00eda 10-\u00a0Barcos Goleta (via Licia) Kalkan- mariposa Valley-San Nicol\u00e1s Isla<img loading=\"lazy\" class=\"alignright  wp-image-277\" src=\"http:\/\/www.ramostur.com.tr\/es\/wp-content\/uploads\/2015\/05\/100_5579-300x225.jpg\" alt=\"100_5579\" width=\"313\" height=\"235\" srcset=\"https:\/\/www.ramostur.com.tr\/es\/wp-content\/uploads\/2015\/05\/100_5579-300x225.jpg 300w, https:\/\/www.ramostur.com.tr\/es\/wp-content\/uploads\/2015\/05\/100_5579-1024x768.jpg 1024w\" sizes=\"(max-width: 313px) 100vw, 313px\" \/><br \/>\n<\/strong><\/span><\/span><span style=\"color: #0000ff;\">Alrededor amanecer partimos de Valle de las Mariposas donde paramos (estado de la mar lo permite!) Para el desayuno, la nataci\u00f3n y para visitar esta reserva natural, albergando 136 tipos diferentes de mariposas y polillas. Oludeniz (La Laguna Azul) es nuestra siguiente parada, de nuevo las condiciones del mar lo permiten! <\/span><span style=\"color: #0000ff;\">Opci\u00f3n para el parapente disponible. .Last parada del d\u00eda es San Nicol\u00e1s Island.<\/span><span style=\"color: #0000ff;\">Ruinas bizantinas, ba\u00f1o, cena y tercera noche.<br \/>\n<\/span><span style=\"text-decoration: underline;\"><span style=\"color: #800000; text-decoration: underline;\"><strong>D\u00eda 11-\u00a0Barcos Goleta (via Licia) (La Laguna Azul) -Fethiye Estambul<br \/>\n<\/strong><\/span><\/span><span style=\"color: #0000ff;\">Desayuno. Salida para Samanlik Bay (almuerzo y nadar) .Finalmente navegamos a Fethiye Harbour donde llegamos entre 2 y 4 pm y es el momento de decir adi\u00f3s a yate equipo con el traslado en autob\u00fas al aeropuerto de Dalaman,y vuelo a Estanbul Llegada,<img loading=\"lazy\" class=\"alignright  wp-image-207\" src=\"http:\/\/www.ramostur.com.tr\/es\/wp-content\/uploads\/2015\/05\/080-300x169.jpg\" alt=\"080\" width=\"321\" height=\"181\" srcset=\"https:\/\/www.ramostur.com.tr\/es\/wp-content\/uploads\/2015\/05\/080-300x169.jpg 300w, https:\/\/www.ramostur.com.tr\/es\/wp-content\/uploads\/2015\/05\/080-1024x575.jpg 1024w\" sizes=\"(max-width: 321px) 100vw, 321px\" \/>traslado al Hotel y tiempo libre.Alojamente Con desayuno.<br \/>\n<\/span><span style=\"color: #0000ff;\"><span style=\"color: #800000;\"><strong>Nota:<\/strong> <\/span>En caso de mal tiempo y \/ o las condiciones del mar, este programa est\u00e1 sujeto a cambios sin previo aviso.Todos comidas (Desayuno \/ Almuerzo \/ Hora del t\u00e9, caf\u00e9, galletas Cena), combustible, gastos portuarios, servicio. El equipamiento de serie del yate, juegos de mesa, tubos respiradores y m\u00e1scaras, l\u00edneas de pesca.<br \/>\n<\/span><span style=\"color: #0000ff;\"><span style=\"color: #800000;\"><strong><u>D\u00eda 12- <\/u><\/strong><strong><u>Estambul:<\/u><\/strong><\/span> D\u00eda libre. Alojamiento en Hotel Estambul (D) (con Desayuno)<br \/>\n<\/span><span style=\"color: #0000ff;\"><span style=\"color: #800000;\"><strong><u>D\u00eda 13- <\/u><\/strong><strong><u>Estambul<\/u><\/strong>:<\/span> Traslado al aeropuerto de Estanbul<br \/>\n<\/span><\/p>\n<p style=\"text-align: justify;\"><span style=\"color: #800000;\"><strong>Servicios incluidos:\u00a0 Hoteles<img loading=\"lazy\" class=\"alignright wp-image-379 size-medium\" src=\"http:\/\/www.ramostur.com.tr\/es\/wp-content\/uploads\/2015\/03\/Bebek-Istanbul-300x225.jpg\" alt=\"Bebek-Istanbul\" width=\"300\" height=\"225\" srcset=\"https:\/\/www.ramostur.com.tr\/es\/wp-content\/uploads\/2015\/03\/Bebek-Istanbul-300x225.jpg 300w, https:\/\/www.ramostur.com.tr\/es\/wp-content\/uploads\/2015\/03\/Bebek-Istanbul.jpg 800w\" sizes=\"(max-width: 300px) 100vw, 300px\" \/><\/strong><\/span><br \/>\n<span style=\"color: #0000ff;\">En Capadocia\u00a0\u00a0 \u00a0con desayuno y cena<\/span><br \/>\n<span style=\"color: #0000ff;\">En E\u011fridir\u00a0\u00a0\u00a0\u00a0\u00a0\u00a0\u00a0\u00a0\u00a0\u00a0\u00a0\u00a0 con desayuno y cena<\/span><br \/>\n<span style=\"color: #0000ff;\">En Kas\u0131mlar\u00a0\u00a0\u00a0\u00a0\u00a0\u00a0\u00a0 con desayuno y cena<\/span><br \/>\n<span style=\"color: #0000ff;\">En \u00c7altepe\u00a0\u00a0\u00a0\u00a0\u00a0\u00a0\u00a0\u00a0\u00a0 con desayuno y cena<\/span><br \/>\n<span style=\"color: #0000ff;\">En Beskonak\u00a0\u00a0\u00a0\u00a0\u00a0 con desayuno y cena<\/span><br \/>\n<span style=\"color: #0000ff;\">En yate Goleta\u00a0\u00a0 con desayuno, almuerzo, cena<br \/>\n<\/span><span style=\"color: #0000ff;\">En\u00a0Estambul con desayuno<br \/>\n<\/span><span style=\"color: #0000ff;\"><span style=\"color: #800000;\"><strong>Trasporto:<\/strong> <\/span>veh\u00edculos especiales Jeep Land Rover Defender &#8211; Discovery <\/span><span style=\"color: #0000ff;\">Conductor -Gu\u00eda, trekking de monta\u00f1a y gu\u00eda\u00a0habla en\u00a0 Italiano, Espa\u00f1ol,<\/span><span style=\"color: #0000ff;\">Todos los traslados y transporto.Prevate,<\/span><br \/>\n<span style=\"color: #0000ff;\"><span style=\"color: #800000;\"><strong>Goleta yate:<\/strong><\/span> Pensi\u00f3n completa (desayuno, almuerzo, cena), bebidas extra<\/span><\/p>\n<p><span style=\"color: #ff0000;\"><strong>www.ramostur.com.tr\u00a0 \u00a0 &amp; \u00a0 \u00a0\u00a0<\/strong><strong>info@ramostur..com.tr\u00a0 \u00a0 &amp; \u00a0 \u00a0<\/strong><span style=\"color: #ff0000;\"><strong><span style=\"color: #ff0000;\">trekking@ramostur.com.tr<\/span><\/strong><\/span><br \/>\n<\/span><span style=\"color: #800000;\">\u201cCon Ramos una alternativa para sus vacaciones una forma de vida,\u00a0una pasion, una\u00a0aventura perfecta.\u201d<br \/>\n<\/span><span style=\"color: #800000;\">\u201cAmb Ramos una alternativa de vacances, una forma de vida, una passio, una aventura perfecta.\u201d<\/span><\/p>\n<p><span style=\"color: #0000ff;\"><strong>TURSAB ASSOCIATION OF TURKISH TRAVEL AGENCIES<br \/>\n<\/strong><\/span><span style=\"color: #0000ff;\">Member of TURSAB, Ramos Turizm. Catena del Taurus Travel<br \/>\n<\/span><span style=\"color: #0000ff;\">Licence No: 5152 A Grubu Capadocia \u2013\u00dcrg\u00fcp \/Estambul-Turquia<\/span><\/p>\n","protected":false},"excerpt":{"rendered":"<p>Senderismo\u00a0\/Trekking con Sendero Ruta de San Pablo\u00a0Capadocia Ihlara, Lago di Beysehir, Egridir, Mt.Taurus,Adada,Selge,Be\u015fkonak via Antalya, Demre (Papa Nuel) Yate Goleta Azul la costa Turquesa Zona Licia (la ciudad antique Simena Fethiye-Estambul (13 Dias) SIERRA TAURUS:\u00a0 St. Paul TRAILIS el segundo sendero de gran recorrido de Turqu\u00eda. Se ejecuta a unos 500 kms, desde el este&hellip;<\/p>\n<p><a class=\"more-link\" href=\"https:\/\/www.ramostur.com.tr\/es\/senderismo-yate-goleta\/\">Read More<\/a><\/p>\n","protected":false},"author":2,"featured_media":0,"parent":0,"menu_order":4,"comment_status":"closed","ping_status":"closed","template":"page-templates\/full-width.php","meta":[],"_links":{"self":[{"href":"https:\/\/www.ramostur.com.tr\/es\/wp-json\/wp\/v2\/pages\/25"}],"collection":[{"href":"https:\/\/www.ramostur.com.tr\/es\/wp-json\/wp\/v2\/pages"}],"about":[{"href":"https:\/\/www.ramostur.com.tr\/es\/wp-json\/wp\/v2\/types\/page"}],"author":[{"embeddable":true,"href":"https:\/\/www.ramostur.com.tr\/es\/wp-json\/wp\/v2\/users\/2"}],"replies":[{"embeddable":true,"href":"https:\/\/www.ramostur.com.tr\/es\/wp-json\/wp\/v2\/comments?post=25"}],"version-history":[{"count":44,"href":"https:\/\/www.ramostur.com.tr\/es\/wp-json\/wp\/v2\/pages\/25\/revisions"}],"predecessor-version":[{"id":812,"href":"https:\/\/www.ramostur.com.tr\/es\/wp-json\/wp\/v2\/pages\/25\/revisions\/812"}],"wp:attachment":[{"href":"https:\/\/www.ramostur.com.tr\/es\/wp-json\/wp\/v2\/media?parent=25"}],"curies":[{"name":"wp","href":"https:\/\/api.w.org\/{rel}","templated":true}]}}